{"id":823,"date":"2022-03-19T17:09:58","date_gmt":"2022-03-19T16:09:58","guid":{"rendered":"http:\/\/rcml.de\/?page_id=823"},"modified":"2022-03-19T17:42:34","modified_gmt":"2022-03-19T16:42:34","slug":"faq-n-i-e-und-residentenkarte","status":"publish","type":"page","link":"http:\/\/rcml.de\/es\/faq-n-i-e-und-residentenkarte","title":{"rendered":"FAQ-N.I.E. und Residentenkarte"},"content":{"rendered":"<p><strong>N.I.E. = <span style=\"text-decoration: underline;\">N<\/span>\u00famero de <span style=\"text-decoration: underline;\">I<\/span>dentidad de <span style=\"text-decoration: underline;\">E<\/span>xtranjero<\/strong> = Nummer f\u00fcr Ausseridische, ups, Ausl\u00e4nder<\/p>\n<p style=\"text-align: justify;\">Das ist die Anmeldung, die als erstes gemacht werden muss. Ohne diese omin\u00f6se N.I.E. l\u00e4uft gar nichts. Sie wird ben\u00f6tigt um ein Bankkonto zu er\u00f6ffnen, den Wohnsitz anzumelden, ein Auto zuzulassen, die verg\u00fcnstigten Verkehrsmittel zu benutzen und und und. Die N.I.E. ist ein einfaches, amtlich beglaubigtes Schreiben auf einem DIN-A4-Blatt mit etwas Text, Stempel und Unterschrift, das im Wesentlichen die Nummer ausweist. Sie wird auf einer Polizeidienststelle beantragt, ben\u00f6tigt wird der Personalausweis oder der deutsche Reisepass.<\/p>\n<p>&nbsp;<\/p>\n<p style=\"text-align: justify;\"><strong>Residentenkarte = Certificado de registro de ciudando de la union<\/strong> = kleines, gr\u00fcnes St\u00fcck Blatt Papier in der Gr\u00f6sse einer Kreditkarte und ist ein&nbsp;Dokument zum Nachweis der Eintragung von Ausl\u00e4ndern in das Zentralregister von B\u00fcrgern eines Mitgliedstaats der Europ\u00e4ischen Union.<\/p>\n<p>&nbsp;<\/p>\n<p style=\"text-align: justify;\">Die Beantragung beider Dokumente ist recht unkompliziert, wenn man alle Nachweise bei sich f\u00fchrt und die f\u00e4lligen Geb\u00fchren bezahlt hat. Hierzu gibt es sehr viele unterschiedliche Berichte von &#8222;Neuspaniern&#8220;. Das liegt daran, dass jede Polizeidienststelle etwas anders arbeitet. Offiziell sind nat\u00fcrlich alle an die offiziellen Anweisungen gebunden, manche lassen die 5 auch mal gerade sein, andere eben nicht. Manchmal \u00e4ndern sich auch die Anforderungen, aber daf\u00fcr gibt es ja den Einwanderungscoach, der sich sehr gut auskennt und alles regelt.<\/p>\n<p style=\"text-align: justify;\">Im M\u00e4rz 2002 ben\u00f6tigte man bspw. auf der Polizeistation in Los Cristianos zur Beantragung der Residentenkarte u.a. folgende Unterlagen:<\/p>\n<ul>\n<li>g\u00fcltiger Reisepass<\/li>\n<li>N.I.E.<\/li>\n<li>Certificado de empadronamiento (Nachweis der Gemeinde)<\/li>\n<li>Nachweis der Bank, dass der Antragsteller ein Bankkonto besitzt und mehr als 5178,60\u20ac Guthaben besitzt (oder ein Arbeitgebernachweis oder ein Rentennachweis)<\/li>\n<li>ausgef\u00fclltes Formular Modelo EX18<\/li>\n<li>vorab bei der Bank bezahlter Betrag (mit Nachweis) von 12\u20ac als Geb\u00fchrensatz<\/li>\n<li>Nachweis der Krankenversicherung (Police)<\/li>\n<li>und nat\u00fcrlich von allem eine Kopie, die der Beamte abheften m\u00f6chte \ud83d\ude42<\/li>\n<\/ul>\n<p>Es kann auch anders gehen, o.g. Liste ist nur ein individuelles Beispiel. Exakte Informationen gibt es wie immer bei Andreas M\u00fcller.<\/p>\n<p>&nbsp;<\/p>","protected":false},"excerpt":{"rendered":"<p>N.I.E. = N\u00famero de Identidad de Extranjero = Nummer f\u00fcr Ausseridische, ups, Ausl\u00e4nder Das ist die Anmeldung, die als erstes gemacht werden muss. Ohne diese omin\u00f6se N.I.E. l\u00e4uft gar nichts. Sie wird ben\u00f6tigt um ein Bankkonto zu er\u00f6ffnen, den Wohnsitz anzumelden, ein Auto zuzulassen, die verg\u00fcnstigten Verkehrsmittel zu benutzen und und und. Die N.I.E. ist &#8230; <a title=\"FAQ-N.I.E. und Residentenkarte\" class=\"read-more\" href=\"http:\/\/rcml.de\/es\/faq-n-i-e-und-residentenkarte\" aria-label=\"Leer m\u00e1s sobre FAQ-N.I.E. und Residentenkarte\">Leer m\u00e1s<\/a><\/p>","protected":false},"author":1,"featured_media":0,"parent":0,"menu_order":0,"comment_status":"closed","ping_status":"closed","template":"","meta":{"footnotes":""},"_links":{"self":[{"href":"http:\/\/rcml.de\/es\/wp-json\/wp\/v2\/pages\/823"}],"collection":[{"href":"http:\/\/rcml.de\/es\/wp-json\/wp\/v2\/pages"}],"about":[{"href":"http:\/\/rcml.de\/es\/wp-json\/wp\/v2\/types\/page"}],"author":[{"embeddable":true,"href":"http:\/\/rcml.de\/es\/wp-json\/wp\/v2\/users\/1"}],"replies":[{"embeddable":true,"href":"http:\/\/rcml.de\/es\/wp-json\/wp\/v2\/comments?post=823"}],"version-history":[{"count":3,"href":"http:\/\/rcml.de\/es\/wp-json\/wp\/v2\/pages\/823\/revisions"}],"predecessor-version":[{"id":835,"href":"http:\/\/rcml.de\/es\/wp-json\/wp\/v2\/pages\/823\/revisions\/835"}],"wp:attachment":[{"href":"http:\/\/rcml.de\/es\/wp-json\/wp\/v2\/media?parent=823"}],"curies":[{"name":"wp","href":"https:\/\/api.w.org\/{rel}","templated":true}]}}