{"id":653,"date":"2020-07-23T17:57:32","date_gmt":"2020-07-23T17:57:32","guid":{"rendered":"http:\/\/rcml.de\/?page_id=653"},"modified":"2020-07-27T19:34:26","modified_gmt":"2020-07-27T18:34:26","slug":"achinet-das-buch","status":"publish","type":"page","link":"http:\/\/rcml.de\/es\/achinet-das-buch","title":{"rendered":"Achinet - el libro"},"content":{"rendered":"<p>Wir haben keine Arbeit und M\u00fchen gescheut und die ersten 3 Jahre in einem Buch \u00fcber unsere Auswanderung zusammengefasst.<\/p>\n<p>Der Download ist kostenlos. Wenn es gef\u00e4llt, dann bitten wir lediglich um eine email an <span style=\"color: #ff0000;\"><a style=\"color: #ff0000;\" href=\"mailto:info@rcml.de\">info@rcml.de<\/a><\/span>.<\/p>\n<p>Viel Spass beim Lesen. Zum Download der PDF-Datei auf das Buchcover oder&nbsp;<span style=\"color: #ff0000;\"><a style=\"color: #ff0000;\" href=\"http:\/\/www.rcml.de\/achinet.pdf\" target=\"_blank\" rel=\"noopener noreferrer\">hier klicken<\/a><\/span>. Die Gr\u00f6sse der Datei betr\u00e4gt ca. 50 MB! Anmerkung: Nach dem Anklicken kann es etwas dauern bis alle Seiten vollst\u00e4ndig geladen sind. Wenn folgendes Bild erscheint, dann k\u00f6nnen Sie mit dem Lesen beginnen:<\/p>\n<p><a href=\"http:\/\/www.rcml.de\/achinet.pdf\"><img loading=\"lazy\" decoding=\"async\" class=\"aligncenter wp-image-794 size-medium\" src=\"http:\/\/rcml.de\/wp-content\/uploads\/2020\/07\/Bildschirmfoto-2020-07-27-um-19.29.41-229x300.png\" alt=\"\" width=\"229\" height=\"300\" srcset=\"http:\/\/rcml.de\/wp-content\/uploads\/2020\/07\/Bildschirmfoto-2020-07-27-um-19.29.41-229x300.png 229w, http:\/\/rcml.de\/wp-content\/uploads\/2020\/07\/Bildschirmfoto-2020-07-27-um-19.29.41-782x1024.png 782w, http:\/\/rcml.de\/wp-content\/uploads\/2020\/07\/Bildschirmfoto-2020-07-27-um-19.29.41-768x1005.png 768w, http:\/\/rcml.de\/wp-content\/uploads\/2020\/07\/Bildschirmfoto-2020-07-27-um-19.29.41.png 1082w\" sizes=\"(max-width: 229px) 100vw, 229px\" \/><\/a><\/p>","protected":false},"excerpt":{"rendered":"<p>Wir haben keine Arbeit und M\u00fchen gescheut und die ersten 3 Jahre in einem Buch \u00fcber unsere Auswanderung zusammengefasst. Der Download ist kostenlos. Wenn es gef\u00e4llt, dann bitten wir lediglich um eine email an info@rcml.de. Viel Spass beim Lesen. Zum Download der PDF-Datei auf das Buchcover oder&nbsp;hier klicken. Die Gr\u00f6sse der Datei betr\u00e4gt ca. 50 &#8230; <a title=\"Achinet - el libro\" class=\"read-more\" href=\"http:\/\/rcml.de\/es\/achinet-das-buch\" aria-label=\"Leer m\u00e1s sobre Achinet &#8211; Das Buch\">Leer m\u00e1s<\/a><\/p>","protected":false},"author":1,"featured_media":0,"parent":0,"menu_order":0,"comment_status":"closed","ping_status":"closed","template":"","meta":{"footnotes":""},"_links":{"self":[{"href":"http:\/\/rcml.de\/es\/wp-json\/wp\/v2\/pages\/653"}],"collection":[{"href":"http:\/\/rcml.de\/es\/wp-json\/wp\/v2\/pages"}],"about":[{"href":"http:\/\/rcml.de\/es\/wp-json\/wp\/v2\/types\/page"}],"author":[{"embeddable":true,"href":"http:\/\/rcml.de\/es\/wp-json\/wp\/v2\/users\/1"}],"replies":[{"embeddable":true,"href":"http:\/\/rcml.de\/es\/wp-json\/wp\/v2\/comments?post=653"}],"version-history":[{"count":6,"href":"http:\/\/rcml.de\/es\/wp-json\/wp\/v2\/pages\/653\/revisions"}],"predecessor-version":[{"id":966,"href":"http:\/\/rcml.de\/es\/wp-json\/wp\/v2\/pages\/653\/revisions\/966"}],"wp:attachment":[{"href":"http:\/\/rcml.de\/es\/wp-json\/wp\/v2\/media?parent=653"}],"curies":[{"name":"wp","href":"https:\/\/api.w.org\/{rel}","templated":true}]}}