{"id":62,"date":"2018-01-24T15:17:49","date_gmt":"2018-01-24T15:17:49","guid":{"rendered":"http:\/\/rcml.de\/?page_id=62"},"modified":"2022-03-19T19:14:12","modified_gmt":"2022-03-19T18:14:12","slug":"die-autos","status":"publish","type":"page","link":"http:\/\/rcml.de\/es\/die-autos","title":{"rendered":"coches en la vitrina"},"content":{"rendered":"<div style=\"text-align: center;\"><\/div>\n<p>&nbsp;<\/p>\n<p>Die LIVE-Vitrine zeigt die Autos zum Fahren in kleinen Dioramen eingebettet. Schnell und einfach zum rausnehmen aus einer IKEA-Vitrine, mit T\u00fcrband abgedichtet um vor Sand, Sal und Staub zu sch\u00fctzen. Die Autos stehen auf kleinen Erh\u00f6hungen aus Pappe um die gef\u00fcrchteten &#8222;Standplatten&#8220; zu vermeiden.<\/p>\n<div style=\"text-align: center;\"><\/div>","protected":false},"excerpt":{"rendered":"<p>&nbsp; Die LIVE-Vitrine zeigt die Autos zum Fahren in kleinen Dioramen eingebettet. Schnell und einfach zum rausnehmen aus einer IKEA-Vitrine, mit T\u00fcrband abgedichtet um vor Sand, Sal und Staub zu sch\u00fctzen. Die Autos stehen auf kleinen Erh\u00f6hungen aus Pappe um die gef\u00fcrchteten &#8222;Standplatten&#8220; zu vermeiden.<\/p>","protected":false},"author":1,"featured_media":0,"parent":0,"menu_order":0,"comment_status":"closed","ping_status":"closed","template":"","meta":{"footnotes":""},"_links":{"self":[{"href":"http:\/\/rcml.de\/es\/wp-json\/wp\/v2\/pages\/62"}],"collection":[{"href":"http:\/\/rcml.de\/es\/wp-json\/wp\/v2\/pages"}],"about":[{"href":"http:\/\/rcml.de\/es\/wp-json\/wp\/v2\/types\/page"}],"author":[{"embeddable":true,"href":"http:\/\/rcml.de\/es\/wp-json\/wp\/v2\/users\/1"}],"replies":[{"embeddable":true,"href":"http:\/\/rcml.de\/es\/wp-json\/wp\/v2\/comments?post=62"}],"version-history":[{"count":4,"href":"http:\/\/rcml.de\/es\/wp-json\/wp\/v2\/pages\/62\/revisions"}],"predecessor-version":[{"id":919,"href":"http:\/\/rcml.de\/es\/wp-json\/wp\/v2\/pages\/62\/revisions\/919"}],"wp:attachment":[{"href":"http:\/\/rcml.de\/es\/wp-json\/wp\/v2\/media?parent=62"}],"curies":[{"name":"wp","href":"https:\/\/api.w.org\/{rel}","templated":true}]}}