{"id":56,"date":"2018-01-24T14:56:25","date_gmt":"2018-01-24T14:56:25","guid":{"rendered":"http:\/\/rcml.de\/?page_id=56"},"modified":"2022-03-19T18:49:41","modified_gmt":"2022-03-19T17:49:41","slug":"die-bahn","status":"publish","type":"page","link":"http:\/\/rcml.de\/es\/die-bahn","title":{"rendered":"la pista"},"content":{"rendered":"<div style=\"text-align: center;\"><\/div>\n<p style=\"text-align: left;\">La nueva pista de slot en Tenerife:<\/p>\n<p>La placa base est\u00e1 hecha de madera delgada de 5 mm y est\u00e1 articulada a la pared. ella esta midiendo&nbsp;<span class=\"text_exposed_show\">300cm x 166cm. Verst\u00e4rkt ist die Konstruktion durch 4 cm starke Kanth\u00f6lzer.<\/span><\/p>\n<p style=\"text-align: left;\"><span class=\"text_exposed_show\">Se utiliza material ferroviario de los sistemas Carrera 124 y Carrera Exclusiv. Las tiras de borde de Carrera, que a veces est\u00e1n pintadas de amarillo, est\u00e1n pintadas sobre negro porque no ocurren naturalmente. Las franjas medianas blancas se han dejado porque no es una pista de carreras real, sino una imagen real de la calle.<\/span><\/p>\n<p>Cuando est\u00e1 plegada, la membrana tiene una distancia de 9 cm de la pared. Por lo tanto, los edificios tienen una altura m\u00e1xima de 8,5 a 9 cm. Los elementos superiores est\u00e1n provistos de \u201cbisagras de papel\u201d para que se caigan autom\u00e1ticamente cuando se cierra la banda y se enderezan nuevamente cuando se abren. Estos incluyen, por ejemplo, la orca en Loro Parque y una u otra torre en el sitio. La \u00fanica excepci\u00f3n es el contador de vueltas, que debe eliminarse manualmente antes de cerrar.<\/p>\n<p>Todos los componentes (excepto el material del riel, algunas figuras, las palmeras y los arbustos) est\u00e1n hechos de papel (80gr \/ m2), cart\u00f3n (180gr.\/m2) o l\u00e1minas de espuma de 5 mm. Algunos elementos tambi\u00e9n incluyen palillos de dientes y palos de madera delgados de los suministros de artesan\u00eda. La construcci\u00f3n ligera es el requisito central para que la madera delgada pueda soportar el peso y no se rompa. Los modelos Ford Mustang, Mercedes 190 SL, BMW 2002, Porsche Carrera y Toyota Hilux tambi\u00e9n son modelos de cart\u00f3n, al igual que la aeronave, el helic\u00f3ptero, la orca y el delf\u00edn en el parque. Muchos elementos son de dise\u00f1o propio, pero muchas gracias a carrera4fun (el mejor sitio en esta \u00e1rea), slot-hobby, pedemann-online, Canon y Epson por las muchas, muchas plantillas e ideas.<\/p>\n<p>Se utiliza una fuente de alimentaci\u00f3n de laboratorio estabilizada para la fuente de alimentaci\u00f3n con alimentaci\u00f3n separada de las dos pistas y 2 alimentaciones adicionales cada una.<\/p>\n<p>La idea original era dise\u00f1ar una ruta tem\u00e1ticamente con el marco de las pistas de carreras de la d\u00e9cada de 1960, principalmente siguiendo el ejemplo de N\u00fcrburgring. Sin embargo, despu\u00e9s de algunos componentes, r\u00e1pidamente se hizo evidente que el paisajismo tambi\u00e9n deber\u00eda incluir elementos de nuestro nuevo hogar. Las vistas y los motivos seguramente ofrecen a Tenerife m\u00e1s que suficiente. La dificultad es presentar un motivo en el espacio disponible para que se ajuste y se vea razonablemente realista. En general, esto ha tenido bastante \u00e9xito si fueron necesarios varios intentos para varios elementos. Pero, por experiencia, te vuelves inteligente y aprendes con cada modelo.<\/p>\n<p>Claramente, siempre hay algo que hacer. Despu\u00e9s de completar el dise\u00f1o general y la distribuci\u00f3n y posicionamiento del lema respectivo, se realiz\u00f3 otro trabajo excelente, que probablemente llevar\u00e1 alg\u00fan tiempo. Debido al dise\u00f1o modular de cada motivo en su propia placa de espuma de 5 mm de grosor, se puede quitar y reelaborar f\u00e1cilmente sin que la operaci\u00f3n del tren se vea afectada. Al principio, por ejemplo, las figuras todav\u00eda faltaban en todas partes, las herramientas en el taller, etc. Adem\u00e1s, actualmente no hay iluminaci\u00f3n instalada (julio de 2020), y la medici\u00f3n del tiempo de la computadora tambi\u00e9n se realiza mediante un contador de vueltas Carrera est\u00e1ndar.<\/p>\n<p>Tambi\u00e9n es notable que algunas de las se\u00f1ales e informaci\u00f3n todav\u00eda est\u00e1n en su mayor\u00eda en alem\u00e1n o ingl\u00e9s. Por supuesto, esto se debe a que las descargas de los modelos en papel provienen principalmente de Alemania o Jap\u00f3n. Los t\u00e9rminos alem\u00e1n e ingl\u00e9s ser\u00e1n reemplazados gradualmente por sus hom\u00f3logos espa\u00f1oles.<\/p>\n\n\n<div>&nbsp;<\/div>\n<div>Neue Fotos f\u00fcr 2022:<\/div>\n<div style=\"text-align: center;\"><\/div>","protected":false},"excerpt":{"rendered":"<p>Die neu entstandene Carrera-Bahn auf Teneriffa: Die Grundplatte ist aus 5mm d\u00fcnnem Holz und mit Scharnieren an die Wand klappbar. Sie misst&nbsp;300cm x 166cm. Verst\u00e4rkt ist die Konstruktion durch 4 cm starke Kanth\u00f6lzer. Verwendet wird Schienenmaterial aus den Systemen Carrera 124 und Carrera Exclusiv. Die zeitweise gelb lackierten Randstreifen von Carrera sind schwarz \u00fcbermalt, weil &#8230; <a title=\"la pista\" class=\"read-more\" href=\"http:\/\/rcml.de\/es\/die-bahn\" aria-label=\"Leer m\u00e1s sobre Die Bahn\">Leer m\u00e1s<\/a><\/p>","protected":false},"author":1,"featured_media":0,"parent":0,"menu_order":0,"comment_status":"closed","ping_status":"closed","template":"","meta":{"footnotes":""},"_links":{"self":[{"href":"http:\/\/rcml.de\/es\/wp-json\/wp\/v2\/pages\/56"}],"collection":[{"href":"http:\/\/rcml.de\/es\/wp-json\/wp\/v2\/pages"}],"about":[{"href":"http:\/\/rcml.de\/es\/wp-json\/wp\/v2\/types\/page"}],"author":[{"embeddable":true,"href":"http:\/\/rcml.de\/es\/wp-json\/wp\/v2\/users\/1"}],"replies":[{"embeddable":true,"href":"http:\/\/rcml.de\/es\/wp-json\/wp\/v2\/comments?post=56"}],"version-history":[{"count":15,"href":"http:\/\/rcml.de\/es\/wp-json\/wp\/v2\/pages\/56\/revisions"}],"predecessor-version":[{"id":849,"href":"http:\/\/rcml.de\/es\/wp-json\/wp\/v2\/pages\/56\/revisions\/849"}],"wp:attachment":[{"href":"http:\/\/rcml.de\/es\/wp-json\/wp\/v2\/media?parent=56"}],"curies":[{"name":"wp","href":"https:\/\/api.w.org\/{rel}","templated":true}]}}